{"id":9,"date":"2023-12-29T16:24:30","date_gmt":"2023-12-29T15:24:30","guid":{"rendered":"https:\/\/chaletduriou.com\/?page_id=9"},"modified":"2024-06-06T18:35:07","modified_gmt":"2024-06-06T16:35:07","slug":"accueil","status":"publish","type":"page","link":"https:\/\/chaletduriou.com\/","title":{"rendered":"Accueil"},"content":{"rendered":"\n<div class=\"wp-block-cover alignfull has-custom-content-position is-position-top-center\" style=\"min-height:1044px;aspect-ratio:unset;\"><span aria-hidden=\"true\" class=\"wp-block-cover__background has-background-dim-0 has-background-dim\" style=\"background-color:#707750\"><\/span><img loading=\"lazy\" decoding=\"async\" width=\"1026\" height=\"554\" class=\"wp-block-cover__image-background wp-image-352\" alt=\"\" src=\"http:\/\/chaletduriou.com\/wp-content\/uploads\/2024\/02\/Chalet-ete-2017-e1717691475864.jpg\" data-object-fit=\"cover\" srcset=\"https:\/\/chaletduriou.com\/wp-content\/uploads\/2024\/02\/Chalet-ete-2017-e1717691475864.jpg 1026w, https:\/\/chaletduriou.com\/wp-content\/uploads\/2024\/02\/Chalet-ete-2017-e1717691475864-300x162.jpg 300w, https:\/\/chaletduriou.com\/wp-content\/uploads\/2024\/02\/Chalet-ete-2017-e1717691475864-1024x553.jpg 1024w, https:\/\/chaletduriou.com\/wp-content\/uploads\/2024\/02\/Chalet-ete-2017-e1717691475864-768x415.jpg 768w\" sizes=\"auto, (max-width: 1026px) 100vw, 1026px\" \/><div class=\"wp-block-cover__inner-container is-layout-flow wp-block-cover-is-layout-flow\">\n<blockquote class=\"wp-block-quote has-text-align-center is-layout-flow wp-block-quote-is-layout-flow\">\n<h2 class=\"wp-block-heading alignwide has-nv-site-bg-color has-text-color has-link-color wp-elements-119861affe2f4f7c9dc7e64a782d03ee\" id=\"we-re-a-studio-in-berlin-with-an-international-practice-in-architecture-urban-planning-and-interior-design-we-believe-in-sharing-knowledge-and-promoting-dialogue-to-increase-the-creative-potential-of-collaboration\" style=\"font-size:48px;line-height:1.1\">Chalet G\u00eete de France dans les Hautes Alpes \u00e0 Orci\u00e8res <\/h2>\n<\/blockquote>\n\n\n\n<p class=\"has-text-align-center has-nv-light-bg-color has-text-color\" style=\"font-size:17px\">Location d&#8217;un chalet haut de gamme.<\/p>\n\n\n\n<div class=\"wp-block-buttons is-content-justification-center is-layout-flex wp-container-core-buttons-is-layout-16018d1d wp-block-buttons-is-layout-flex\">\n<div class=\"wp-block-button is-style-primary\"><a class=\"wp-block-button__link wp-element-button\" href=\"https:\/\/chaletduriou.com\/index.php\/contact\/\">LOUER<\/a><\/div>\n\n\n\n<div class=\"wp-block-button is-style-secondary\"><a class=\"wp-block-button__link wp-element-button\" href=\"https:\/\/chaletduriou.com\/index.php\/a-propos\/\">DECOUVRIR<\/a><\/div>\n<\/div>\n\n\n\n<div style=\"height:80px\" aria-hidden=\"true\" class=\"wp-block-spacer\"><\/div>\n\n\n\n<div style=\"height:80px\" aria-hidden=\"true\" class=\"wp-block-spacer\"><\/div>\n\n\n\n<p><\/p>\n<\/div><\/div>\n\n\n\n<div style=\"height:80px\" aria-hidden=\"true\" class=\"wp-block-spacer\"><\/div>\n\n\n\n<div class=\"wp-block-columns is-layout-flex wp-container-core-columns-is-layout-9d6595d7 wp-block-columns-is-layout-flex\">\n<div class=\"wp-block-column is-layout-flow wp-block-column-is-layout-flow\"><div class=\"wp-block-image icon-style is-style-default\">\n<figure class=\"aligncenter is-resized\"><img decoding=\"async\" src=\"https:\/\/chaletduriou.com\/wp-content\/themes\/neve\/assets\/img\/starter-content\/icon-03.svg\" alt=\"\" style=\"width:48px;height:48px\"\/><\/figure>\n<\/div>\n\n\n<div style=\"height:20px\" aria-hidden=\"true\" class=\"wp-block-spacer\"><\/div>\n\n\n\n<h3 class=\"wp-block-heading has-text-align-center has-neve-text-color-color has-text-color\">Grand chalet tout confort<\/h3>\n\n\n\n<p class=\"has-text-align-center\">Dans le Champsaur, une vaste vall\u00e9e bocag\u00e8re aux paysages vari\u00e9s et verdoyants.<\/p>\n\n\n\n<div style=\"height:20px\" aria-hidden=\"true\" class=\"wp-block-spacer\"><\/div>\n<\/div>\n\n\n\n<div class=\"wp-block-column is-layout-flow wp-block-column-is-layout-flow\"><div class=\"wp-block-image is-resized icon-style is-style-default\">\n<figure class=\"aligncenter\"><img decoding=\"async\" src=\"https:\/\/chaletduriou.com\/wp-content\/themes\/neve\/assets\/img\/starter-content\/icon-02.svg\" alt=\"\"\/><\/figure>\n<\/div>\n\n\n<div style=\"height:20px\" aria-hidden=\"true\" class=\"wp-block-spacer\"><\/div>\n\n\n\n<h3 class=\"wp-block-heading has-text-align-center has-neve-text-color-color has-text-color\">Parc National des \u00e9crins<\/h3>\n\n\n\n<p class=\"has-text-align-center\">Un chalet aux portes du<a href=\"https:\/\/www.ecrins-parcnational.fr\/\" data-type=\"link\" data-id=\"https:\/\/www.ecrins-parcnational.fr\/\"> <\/a><a href=\"https:\/\/www.ecrins-parcnational.fr\/\" data-type=\"link\" data-id=\"https:\/\/www.ecrins-parcnational.fr\/\" target=\"_blank\" rel=\"noreferrer noopener\">Parc <\/a><a href=\"https:\/\/www.ecrins-parcnational.fr\/\" data-type=\"link\" data-id=\"https:\/\/www.ecrins-parcnational.fr\/\">National<\/a> des Ecrins aux multiples chemins de randonn\u00e9e avec sa faune et sa flore prot\u00e9g\u00e9es.<\/p>\n\n\n\n<div style=\"height:20px\" aria-hidden=\"true\" class=\"wp-block-spacer\"><\/div>\n<\/div>\n\n\n\n<div class=\"wp-block-column is-layout-flow wp-block-column-is-layout-flow\"><div class=\"wp-block-image icon-style is-style-rounded\">\n<figure class=\"aligncenter is-resized\"><img decoding=\"async\" src=\"https:\/\/chaletduriou.com\/wp-content\/themes\/neve\/assets\/img\/starter-content\/icon-01.svg\" alt=\"\" style=\"width:48px;height:48px\"\/><\/figure>\n<\/div>\n\n\n<div style=\"height:20px\" aria-hidden=\"true\" class=\"wp-block-spacer\"><\/div>\n\n\n\n<h3 class=\"wp-block-heading has-text-align-center has-neve-text-color-color has-text-color\">Station de ski \u00e0 15 min<\/h3>\n\n\n\n<p class=\"has-text-align-center\">Un chalet \u00e0 la proximit\u00e9 de <a href=\"https:\/\/www.orcieres.com\/\" data-type=\"link\" data-id=\"https:\/\/www.orcieres.com\/\" target=\"_blank\" rel=\"noreferrer noopener\">la <\/a><a href=\"https:\/\/www.orcieres.com\/\" data-type=\"link\" data-id=\"https:\/\/www.orcieres.com\/\">station Orci\u00e8res-Merlette<\/a> avec son label Famille Plus, ses 52   pistes pour tous niveaux, son Snow Park et le complexe de loisirs et d\u00e9tente.<\/p>\n\n\n\n<div style=\"height:20px\" aria-hidden=\"true\" class=\"wp-block-spacer\"><\/div>\n<\/div>\n<\/div>\n\n\n\n<div style=\"height:80px\" aria-hidden=\"true\" class=\"wp-block-spacer\"><\/div>\n\n\n\n<div class=\"wp-block-cover alignfull is-light\" style=\"min-height:600px;aspect-ratio:unset;\"><span aria-hidden=\"true\" class=\"wp-block-cover__background has-nv-light-bg-background-color has-background-dim-100 has-background-dim\"><\/span><div class=\"wp-block-cover__inner-container is-layout-flow wp-block-cover-is-layout-flow\">\n<div class=\"wp-block-group\"><div class=\"wp-block-group__inner-container is-layout-flow wp-block-group-is-layout-flow\">\n<div style=\"height:80px\" aria-hidden=\"true\" class=\"wp-block-spacer\"><\/div>\n\n\n\n<div class=\"wp-block-columns are-vertically-aligned-center is-layout-flex wp-container-core-columns-is-layout-9d6595d7 wp-block-columns-is-layout-flex\">\n<div class=\"wp-block-column is-vertically-aligned-center is-layout-flow wp-block-column-is-layout-flow\" style=\"flex-basis:50%\">\n<div style=\"height:0px\" aria-hidden=\"true\" class=\"wp-block-spacer\"><\/div>\n\n\n\n<h3 class=\"wp-block-heading has-text-align-left has-neve-text-color-color has-text-color\">En pleine nature<\/h3>\n\n\n\n<p><strong>Avec une vue imprenable sur la montagne<\/strong> <\/p>\n\n\n\n<div class=\"wp-block-buttons is-content-justification-left is-layout-flex wp-container-core-buttons-is-layout-fdcfc74e wp-block-buttons-is-layout-flex\">\n<div class=\"wp-block-button is-style-primary\"><a class=\"wp-block-button__link wp-element-button\" href=\"https:\/\/chaletduriou.com\/index.php\/a-propos\/\">en savoir plus<\/a><\/div>\n<\/div>\n<\/div>\n\n\n\n<div class=\"wp-block-column is-vertically-aligned-center is-layout-flow wp-block-column-is-layout-flow\" style=\"flex-basis:50%\">\n<figure class=\"wp-block-image size-large is-resized\"><img decoding=\"async\" src=\"http:\/\/chaletduriou.com\/wp-content\/uploads\/2024\/02\/Chalet-ete-2017-1024x707.jpg\" alt=\"\" class=\"wp-image-352\" style=\"width:489px;height:auto\"\/><\/figure>\n<\/div>\n<\/div>\n\n\n\n<div style=\"height:40px\" aria-hidden=\"true\" class=\"wp-block-spacer\"><\/div>\n<\/div><\/div>\n<\/div><\/div>\n\n\n\n<div class=\"wp-block-cover alignfull is-light\" style=\"min-height:600px;aspect-ratio:unset;\"><span aria-hidden=\"true\" class=\"wp-block-cover__background has-nv-site-bg-background-color has-background-dim-100 has-background-dim\"><\/span><div class=\"wp-block-cover__inner-container is-layout-flow wp-block-cover-is-layout-flow\">\n<div class=\"wp-block-group\"><div class=\"wp-block-group__inner-container is-layout-flow wp-block-group-is-layout-flow\">\n<div style=\"height:80px\" aria-hidden=\"true\" class=\"wp-block-spacer\"><\/div>\n\n\n\n<div class=\"wp-block-columns are-vertically-aligned-center is-layout-flex wp-container-core-columns-is-layout-9d6595d7 wp-block-columns-is-layout-flex\">\n<div class=\"wp-block-column is-vertically-aligned-center is-layout-flow wp-block-column-is-layout-flow\" style=\"flex-basis:50%\">\n<h3 class=\"wp-block-heading has-text-align-left has-neve-text-color-color has-text-color\">Un moment de d\u00e9tente<\/h3>\n\n\n\n<p class=\"has-text-align-left has-neve-text-color-color has-text-color\" style=\"font-size:17px\"><strong>Avec une balade en raquettes au d\u00e9part du chalet<\/strong><\/p>\n\n\n\n<div class=\"wp-block-buttons is-content-justification-left is-layout-flex wp-container-core-buttons-is-layout-fdcfc74e wp-block-buttons-is-layout-flex\">\n<div class=\"wp-block-button is-style-primary\"><a class=\"wp-block-button__link wp-element-button\" href=\"http:\/\/index.php\/portofolio\/\">En savoir plus<\/a><\/div>\n<\/div>\n\n\n\n<div style=\"height:40px\" aria-hidden=\"true\" class=\"wp-block-spacer\"><\/div>\n<\/div>\n\n\n\n<div class=\"wp-block-column is-vertically-aligned-center is-layout-flow wp-block-column-is-layout-flow\" style=\"flex-basis:50%\">\n<figure class=\"wp-block-image size-large is-resized\"><img loading=\"lazy\" decoding=\"async\" width=\"2560\" height=\"2560\" src=\"https:\/\/chaletduriou.com\/wp-content\/uploads\/2023\/12\/20201213_120433-edited-1-scaled.jpg\" alt=\"Balade orciere\n\" class=\"wp-image-161\" style=\"width:579px;height:auto\" srcset=\"https:\/\/chaletduriou.com\/wp-content\/uploads\/2023\/12\/20201213_120433-edited-1-scaled.jpg 2560w, https:\/\/chaletduriou.com\/wp-content\/uploads\/2023\/12\/20201213_120433-edited-1-300x300.jpg 300w, https:\/\/chaletduriou.com\/wp-content\/uploads\/2023\/12\/20201213_120433-edited-1-1024x1024.jpg 1024w, https:\/\/chaletduriou.com\/wp-content\/uploads\/2023\/12\/20201213_120433-edited-1-150x150.jpg 150w, https:\/\/chaletduriou.com\/wp-content\/uploads\/2023\/12\/20201213_120433-edited-1-768x768.jpg 768w, https:\/\/chaletduriou.com\/wp-content\/uploads\/2023\/12\/20201213_120433-edited-1-1536x1536.jpg 1536w, https:\/\/chaletduriou.com\/wp-content\/uploads\/2023\/12\/20201213_120433-edited-1-2048x2048.jpg 2048w\" sizes=\"auto, (max-width: 2560px) 100vw, 2560px\" \/><\/figure>\n<\/div>\n<\/div>\n\n\n\n<div style=\"height:40px\" aria-hidden=\"true\" class=\"wp-block-spacer\"><\/div>\n<\/div><\/div>\n<\/div><\/div>\n\n\n\n<div style=\"height:40px\" aria-hidden=\"true\" class=\"wp-block-spacer\"><\/div>\n","protected":false},"excerpt":{"rendered":"<p>Grand chalet tout confort Dans le Champsaur, une vaste vall\u00e9e bocag\u00e8re aux paysages vari\u00e9s et verdoyants. Parc National des \u00e9crins Un chalet aux portes du Parc National des Ecrins aux multiples chemins de randonn\u00e9e avec sa faune et sa flore prot\u00e9g\u00e9es. Station de ski \u00e0 15 min Un chalet \u00e0 la proximit\u00e9 de la station&hellip;&nbsp;<a href=\"https:\/\/chaletduriou.com\/\" class=\"\" rel=\"bookmark\">Read More &raquo;<span class=\"screen-reader-text\">Accueil<\/span><\/a><\/p>\n","protected":false},"author":1,"featured_media":0,"parent":0,"menu_order":0,"comment_status":"closed","ping_status":"closed","template":"","meta":{"neve_meta_sidebar":"","neve_meta_container":"","neve_meta_enable_content_width":"on","neve_meta_content_width":100,"neve_meta_title_alignment":"right","neve_meta_author_avatar":"","neve_post_elements_order":"","neve_meta_disable_header":"","neve_meta_disable_footer":"","neve_meta_disable_title":"on","footnotes":""},"class_list":["post-9","page","type-page","status-publish","hentry"],"_links":{"self":[{"href":"https:\/\/chaletduriou.com\/index.php\/wp-json\/wp\/v2\/pages\/9","targetHints":{"allow":["GET"]}}],"collection":[{"href":"https:\/\/chaletduriou.com\/index.php\/wp-json\/wp\/v2\/pages"}],"about":[{"href":"https:\/\/chaletduriou.com\/index.php\/wp-json\/wp\/v2\/types\/page"}],"author":[{"embeddable":true,"href":"https:\/\/chaletduriou.com\/index.php\/wp-json\/wp\/v2\/users\/1"}],"replies":[{"embeddable":true,"href":"https:\/\/chaletduriou.com\/index.php\/wp-json\/wp\/v2\/comments?post=9"}],"version-history":[{"count":49,"href":"https:\/\/chaletduriou.com\/index.php\/wp-json\/wp\/v2\/pages\/9\/revisions"}],"predecessor-version":[{"id":541,"href":"https:\/\/chaletduriou.com\/index.php\/wp-json\/wp\/v2\/pages\/9\/revisions\/541"}],"wp:attachment":[{"href":"https:\/\/chaletduriou.com\/index.php\/wp-json\/wp\/v2\/media?parent=9"}],"curies":[{"name":"wp","href":"https:\/\/api.w.org\/{rel}","templated":true}]}}