{"id":10,"date":"2023-12-29T16:24:30","date_gmt":"2023-12-29T15:24:30","guid":{"rendered":"https:\/\/chaletduriou.com\/?page_id=10"},"modified":"2024-03-05T07:51:15","modified_gmt":"2024-03-05T06:51:15","slug":"a-propos","status":"publish","type":"page","link":"https:\/\/chaletduriou.com\/index.php\/a-propos\/","title":{"rendered":"Le Chalet"},"content":{"rendered":"\n<div class=\"wp-block-cover alignfull has-custom-content-position is-position-top-center is-light\" style=\"min-height:997px;aspect-ratio:unset;\"><span aria-hidden=\"true\" class=\"wp-block-cover__background has-nv-light-bg-background-color has-background-dim-100 has-background-dim\"><\/span><div class=\"wp-block-cover__inner-container is-layout-flow wp-block-cover-is-layout-flow\">\n<div class=\"wp-block-group\"><div class=\"wp-block-group__inner-container is-layout-flow wp-block-group-is-layout-flow\">\n<div class=\"wp-block-columns are-vertically-aligned-top is-layout-flex wp-container-core-columns-is-layout-9d6595d7 wp-block-columns-is-layout-flex\">\n<div class=\"wp-block-column is-vertically-aligned-top is-layout-flow wp-block-column-is-layout-flow\" style=\"flex-basis:100%\">\n<div class=\"wp-block-columns are-vertically-aligned-top is-layout-flex wp-container-core-columns-is-layout-9d6595d7 wp-block-columns-is-layout-flex\">\n<div class=\"wp-block-column is-vertically-aligned-top is-layout-flow wp-block-column-is-layout-flow\" style=\"flex-basis:100%\">\n<p><\/p>\n\n\n\n<div class=\"wp-block-columns is-layout-flex wp-container-core-columns-is-layout-9d6595d7 wp-block-columns-is-layout-flex\">\n<div class=\"wp-block-column is-layout-flow wp-block-column-is-layout-flow\"><div class=\"wp-block-image\">\n<figure class=\"aligncenter\"><img decoding=\"async\" src=\"http:\/\/chaletduriou.com\/wp-content\/uploads\/2024\/02\/Chalet-ete-2017-1024x707.jpg\" alt=\"\" class=\"wp-image-352\"\/><\/figure>\n<\/div><\/div>\n<\/div>\n\n\n\n<h3 class=\"wp-block-heading\">Le chalet m\u00eame est situ\u00e9 au d\u00e9part de nombreuses randonn\u00e9es nordiques et p\u00e9destres (PR et GR).<\/h3>\n<\/div>\n<\/div>\n\n\n\n<div class=\"wp-block-group\"><div class=\"wp-block-group__inner-container is-layout-constrained wp-block-group-is-layout-constrained\">\n<div class=\"wp-block-columns is-layout-flex wp-container-core-columns-is-layout-9d6595d7 wp-block-columns-is-layout-flex\">\n<div class=\"wp-block-column is-vertically-aligned-center is-layout-flow wp-block-column-is-layout-flow\"><div class=\"wp-block-image\">\n<figure class=\"alignleft size-full is-resized\"><img loading=\"lazy\" decoding=\"async\" width=\"1200\" height=\"799\" src=\"http:\/\/chaletduriou.com\/wp-content\/uploads\/2024\/02\/chalet-10.jpg\" alt=\"\" class=\"wp-image-210\" style=\"width:407px;height:auto\" srcset=\"https:\/\/chaletduriou.com\/wp-content\/uploads\/2024\/02\/chalet-10.jpg 1200w, https:\/\/chaletduriou.com\/wp-content\/uploads\/2024\/02\/chalet-10-300x200.jpg 300w, https:\/\/chaletduriou.com\/wp-content\/uploads\/2024\/02\/chalet-10-1024x682.jpg 1024w, https:\/\/chaletduriou.com\/wp-content\/uploads\/2024\/02\/chalet-10-768x511.jpg 768w, https:\/\/chaletduriou.com\/wp-content\/uploads\/2024\/02\/chalet-10-930x620.jpg 930w\" sizes=\"auto, (max-width: 1200px) 100vw, 1200px\" \/><figcaption class=\"wp-element-caption\">Le  Chalet du Riou est un chalet en bois construit en madriers massifs. Situ\u00e9 dans le paisible Hameau les Ratiers \u00e0 1400 m d&#8217;altitude, au portes du Parc National des Ecrins.<\/figcaption><\/figure>\n<\/div><\/div>\n\n\n\n<div class=\"wp-block-column is-layout-flow wp-block-column-is-layout-flow\"><div class=\"wp-block-image\">\n<figure class=\"alignright size-large is-resized\"><img loading=\"lazy\" decoding=\"async\" width=\"1024\" height=\"377\" src=\"http:\/\/chaletduriou.com\/wp-content\/uploads\/2023\/12\/20200702_140144-1024x377.jpg\" alt=\"\" class=\"wp-image-48\" style=\"width:372px;height:auto\" srcset=\"https:\/\/chaletduriou.com\/wp-content\/uploads\/2023\/12\/20200702_140144-1024x377.jpg 1024w, https:\/\/chaletduriou.com\/wp-content\/uploads\/2023\/12\/20200702_140144-300x110.jpg 300w, https:\/\/chaletduriou.com\/wp-content\/uploads\/2023\/12\/20200702_140144-768x282.jpg 768w, https:\/\/chaletduriou.com\/wp-content\/uploads\/2023\/12\/20200702_140144-1536x565.jpg 1536w, https:\/\/chaletduriou.com\/wp-content\/uploads\/2023\/12\/20200702_140144-2048x753.jpg 2048w\" sizes=\"auto, (max-width: 1024px) 100vw, 1024px\" \/><figcaption class=\"wp-element-caption\">Vous profiteriez du calme et \u00e9galement de la proximit\u00e9 de nombreux activit\u00e9s sportives comme le ski de piste, de randonn\u00e9e et de fond, randonn\u00e9e en raquettes et p\u00e9destre, escalade, parapente, p\u00eache, baignades, piscine, sauna et bowling.<\/figcaption><\/figure>\n<\/div><\/div>\n<\/div>\n<\/div><\/div>\n<\/div>\n<\/div>\n<\/div><\/div>\n<\/div><\/div>\n\n\n\n<div class=\"wp-block-cover alignfull has-custom-content-position is-position-top-center is-light\" style=\"min-height:1721px;aspect-ratio:unset;\"><span aria-hidden=\"true\" class=\"wp-block-cover__background has-nv-light-bg-background-color has-background-dim-100 has-background-dim\"><\/span><div class=\"wp-block-cover__inner-container is-layout-flow wp-block-cover-is-layout-flow\">\n<div class=\"wp-block-group\"><div class=\"wp-block-group__inner-container is-layout-flow wp-block-group-is-layout-flow\">\n<div class=\"wp-block-columns are-vertically-aligned-top is-layout-flex wp-container-core-columns-is-layout-9d6595d7 wp-block-columns-is-layout-flex\">\n<div class=\"wp-block-column is-vertically-aligned-top is-layout-flow wp-block-column-is-layout-flow\" style=\"flex-basis:100%\">\n<div class=\"wp-block-columns are-vertically-aligned-top is-layout-flex wp-container-core-columns-is-layout-9d6595d7 wp-block-columns-is-layout-flex\">\n<div class=\"wp-block-column is-vertically-aligned-top is-layout-flow wp-block-column-is-layout-flow\" style=\"flex-basis:100%\">\n<h2 class=\"wp-block-heading has-text-align-center\">Rez de chauss\u00e9e<\/h2>\n\n\n\n<p><\/p>\n\n\n\n<h3 class=\"wp-block-heading\">Sas d&#8217;entr\u00e9e<\/h3>\n\n\n\n<div class=\"wp-block-columns is-layout-flex wp-container-core-columns-is-layout-9d6595d7 wp-block-columns-is-layout-flex\">\n<div class=\"wp-block-column is-layout-flow wp-block-column-is-layout-flow\">\n<div class=\"wp-block-media-text is-stacked-on-mobile\" style=\"grid-template-columns:38% auto\"><figure class=\"wp-block-media-text__media\"><img loading=\"lazy\" decoding=\"async\" width=\"1024\" height=\"768\" src=\"http:\/\/chaletduriou.com\/wp-content\/uploads\/2024\/02\/P1007047-1024x768.jpg\" alt=\"\" class=\"wp-image-229 size-full\" srcset=\"https:\/\/chaletduriou.com\/wp-content\/uploads\/2024\/02\/P1007047-1024x768.jpg 1024w, https:\/\/chaletduriou.com\/wp-content\/uploads\/2024\/02\/P1007047-300x225.jpg 300w, https:\/\/chaletduriou.com\/wp-content\/uploads\/2024\/02\/P1007047-768x576.jpg 768w, https:\/\/chaletduriou.com\/wp-content\/uploads\/2024\/02\/P1007047-1536x1152.jpg 1536w, https:\/\/chaletduriou.com\/wp-content\/uploads\/2024\/02\/P1007047-2048x1536.jpg 2048w\" sizes=\"auto, (max-width: 1024px) 100vw, 1024px\" \/><\/figure><div class=\"wp-block-media-text__content\">\n<p>Il est \u00e9quip\u00e9 de porte-manteaux avec cintres , un banc pour pouvoir enlever facilement vos chaussures et mettre des chaussons mis \u00e0 votre disposition.<\/p>\n<\/div><\/div>\n<\/div>\n<\/div>\n\n\n\n<h3 class=\"wp-block-heading\">Salon et coin repas<\/h3>\n<\/div>\n<\/div>\n\n\n\n<div class=\"wp-block-group\"><div class=\"wp-block-group__inner-container is-layout-constrained wp-block-group-is-layout-constrained\">\n<div class=\"wp-block-columns is-layout-flex wp-container-core-columns-is-layout-9d6595d7 wp-block-columns-is-layout-flex\">\n<div class=\"wp-block-column is-layout-flow wp-block-column-is-layout-flow\"><div class=\"wp-block-image\">\n<figure class=\"aligncenter size-large is-resized\"><img loading=\"lazy\" decoding=\"async\" width=\"1024\" height=\"768\" src=\"http:\/\/chaletduriou.com\/wp-content\/uploads\/2024\/02\/P1007032-1024x768.jpg\" alt=\"\" class=\"wp-image-286\" style=\"width:357px;height:auto\" srcset=\"https:\/\/chaletduriou.com\/wp-content\/uploads\/2024\/02\/P1007032-1024x768.jpg 1024w, https:\/\/chaletduriou.com\/wp-content\/uploads\/2024\/02\/P1007032-300x225.jpg 300w, https:\/\/chaletduriou.com\/wp-content\/uploads\/2024\/02\/P1007032-768x576.jpg 768w, https:\/\/chaletduriou.com\/wp-content\/uploads\/2024\/02\/P1007032-1536x1152.jpg 1536w, https:\/\/chaletduriou.com\/wp-content\/uploads\/2024\/02\/P1007032-2048x1536.jpg 2048w\" sizes=\"auto, (max-width: 1024px) 100vw, 1024px\" \/><figcaption class=\"wp-element-caption\">Un canap\u00e9 et des fauteuils vous invitent \u00e0 la d\u00e9tente avec une baie vitr\u00e9e ouvrant sur la terrasse<\/figcaption><\/figure>\n<\/div><\/div>\n\n\n\n<div class=\"wp-block-column is-layout-flow wp-block-column-is-layout-flow\"><div class=\"wp-block-image\">\n<figure class=\"aligncenter size-large is-resized\"><img loading=\"lazy\" decoding=\"async\" width=\"1024\" height=\"768\" src=\"http:\/\/chaletduriou.com\/wp-content\/uploads\/2024\/02\/P1007039-1024x768.jpg\" alt=\"\" class=\"wp-image-276\" style=\"width:357px;height:auto\" srcset=\"https:\/\/chaletduriou.com\/wp-content\/uploads\/2024\/02\/P1007039-1024x768.jpg 1024w, https:\/\/chaletduriou.com\/wp-content\/uploads\/2024\/02\/P1007039-300x225.jpg 300w, https:\/\/chaletduriou.com\/wp-content\/uploads\/2024\/02\/P1007039-768x576.jpg 768w, https:\/\/chaletduriou.com\/wp-content\/uploads\/2024\/02\/P1007039-1536x1152.jpg 1536w, https:\/\/chaletduriou.com\/wp-content\/uploads\/2024\/02\/P1007039-2048x1536.jpg 2048w\" sizes=\"auto, (max-width: 1024px) 100vw, 1024px\" \/><figcaption class=\"wp-element-caption\">Le c\u00f4t\u00e9 repas avec sa grande table extensible pour 10 personnes permet de prendre les repas en famille<\/figcaption><\/figure>\n<\/div><\/div>\n<\/div>\n<\/div><\/div>\n<\/div>\n<\/div>\n\n\n\n<h2 class=\"wp-block-heading has-text-align-center\">Cuisine<\/h2>\n<\/div><\/div>\n\n\n\n<div class=\"wp-block-media-text is-stacked-on-mobile\" style=\"grid-template-columns:45% auto\"><figure class=\"wp-block-media-text__media\"><img loading=\"lazy\" decoding=\"async\" width=\"1024\" height=\"768\" src=\"http:\/\/chaletduriou.com\/wp-content\/uploads\/2024\/02\/P1007034-1024x768.jpg\" alt=\"\" class=\"wp-image-223 size-full\" srcset=\"https:\/\/chaletduriou.com\/wp-content\/uploads\/2024\/02\/P1007034-1024x768.jpg 1024w, https:\/\/chaletduriou.com\/wp-content\/uploads\/2024\/02\/P1007034-300x225.jpg 300w, https:\/\/chaletduriou.com\/wp-content\/uploads\/2024\/02\/P1007034-768x576.jpg 768w, https:\/\/chaletduriou.com\/wp-content\/uploads\/2024\/02\/P1007034-1536x1152.jpg 1536w, https:\/\/chaletduriou.com\/wp-content\/uploads\/2024\/02\/P1007034-2048x1536.jpg 2048w\" sizes=\"auto, (max-width: 1024px) 100vw, 1024px\" \/><\/figure><div class=\"wp-block-media-text__content\">\n<p>La cuisine, ouverte sur le salon, est \u00e9quip\u00e9e d&#8217;une plaque vitroc\u00e9ramique, un four, lave-vaisselle, un r\u00e9frig\u00e9rateur-cong\u00e9lateur, micro-ondes, bouilloire, cafeti\u00e8re et grille pain.                                                                                Vous y trouverez tous les ustensiles pour cuisiner et \u00e9galement des appareils \u00e0 raclette et \u00e0 fondue pour vos repas montagnards.<\/p>\n<\/div><\/div>\n\n\n\n<div class=\"wp-block-columns is-layout-flex wp-container-core-columns-is-layout-9d6595d7 wp-block-columns-is-layout-flex\">\n<div class=\"wp-block-column is-vertically-aligned-center is-layout-flow wp-block-column-is-layout-flow\" style=\"flex-basis:100%\"><\/div>\n<\/div>\n\n\n\n<h2 class=\"wp-block-heading has-text-align-center\">Suite parentale<\/h2>\n\n\n\n<div class=\"wp-block-columns is-layout-flex wp-container-core-columns-is-layout-9d6595d7 wp-block-columns-is-layout-flex\">\n<div class=\"wp-block-column is-layout-flow wp-block-column-is-layout-flow\"><div class=\"wp-block-image\">\n<figure class=\"aligncenter size-large\"><img loading=\"lazy\" decoding=\"async\" width=\"1024\" height=\"768\" src=\"http:\/\/chaletduriou.com\/wp-content\/uploads\/2024\/02\/P1007041-1024x768.jpg\" alt=\"\" class=\"wp-image-226\" srcset=\"https:\/\/chaletduriou.com\/wp-content\/uploads\/2024\/02\/P1007041-1024x768.jpg 1024w, https:\/\/chaletduriou.com\/wp-content\/uploads\/2024\/02\/P1007041-300x225.jpg 300w, https:\/\/chaletduriou.com\/wp-content\/uploads\/2024\/02\/P1007041-768x576.jpg 768w, https:\/\/chaletduriou.com\/wp-content\/uploads\/2024\/02\/P1007041-1536x1152.jpg 1536w, https:\/\/chaletduriou.com\/wp-content\/uploads\/2024\/02\/P1007041-2048x1536.jpg 2048w\" sizes=\"auto, (max-width: 1024px) 100vw, 1024px\" \/><figcaption class=\"wp-element-caption\">Lit double de 160<\/figcaption><\/figure>\n<\/div><\/div>\n\n\n\n<div class=\"wp-block-column is-layout-flow wp-block-column-is-layout-flow\"><div class=\"wp-block-image\">\n<figure class=\"aligncenter size-large\"><img loading=\"lazy\" decoding=\"async\" width=\"1024\" height=\"768\" src=\"http:\/\/chaletduriou.com\/wp-content\/uploads\/2024\/02\/P1007044-1024x768.jpg\" alt=\"\" class=\"wp-image-227\" srcset=\"https:\/\/chaletduriou.com\/wp-content\/uploads\/2024\/02\/P1007044-1024x768.jpg 1024w, https:\/\/chaletduriou.com\/wp-content\/uploads\/2024\/02\/P1007044-300x225.jpg 300w, https:\/\/chaletduriou.com\/wp-content\/uploads\/2024\/02\/P1007044-768x576.jpg 768w, https:\/\/chaletduriou.com\/wp-content\/uploads\/2024\/02\/P1007044-1536x1152.jpg 1536w, https:\/\/chaletduriou.com\/wp-content\/uploads\/2024\/02\/P1007044-2048x1536.jpg 2048w\" sizes=\"auto, (max-width: 1024px) 100vw, 1024px\" \/><figcaption class=\"wp-element-caption\">Acc\u00e8s direct \u00e0 une salle d&#8217;eau avec cabine de douche et double vasque <\/figcaption><\/figure>\n<\/div><\/div>\n\n\n\n<div class=\"wp-block-column is-layout-flow wp-block-column-is-layout-flow\"><div class=\"wp-block-image\">\n<figure class=\"aligncenter size-large\"><img loading=\"lazy\" decoding=\"async\" width=\"1024\" height=\"768\" src=\"http:\/\/chaletduriou.com\/wp-content\/uploads\/2024\/02\/P1007046-1024x768.jpg\" alt=\"\" class=\"wp-image-228\" srcset=\"https:\/\/chaletduriou.com\/wp-content\/uploads\/2024\/02\/P1007046-1024x768.jpg 1024w, https:\/\/chaletduriou.com\/wp-content\/uploads\/2024\/02\/P1007046-300x225.jpg 300w, https:\/\/chaletduriou.com\/wp-content\/uploads\/2024\/02\/P1007046-768x576.jpg 768w, https:\/\/chaletduriou.com\/wp-content\/uploads\/2024\/02\/P1007046-1536x1152.jpg 1536w, https:\/\/chaletduriou.com\/wp-content\/uploads\/2024\/02\/P1007046-2048x1536.jpg 2048w\" sizes=\"auto, (max-width: 1024px) 100vw, 1024px\" \/><figcaption class=\"wp-element-caption\">Un WC s\u00e9par\u00e9 avec lave mains<\/figcaption><\/figure>\n<\/div><\/div>\n<\/div>\n\n\n\n<h2 class=\"wp-block-heading has-text-align-center\">Premier \u00e9tage<\/h2>\n\n\n\n<h3 class=\"wp-block-heading\">Chambres<\/h3>\n\n\n\n<div class=\"wp-block-columns is-layout-flex wp-container-core-columns-is-layout-9d6595d7 wp-block-columns-is-layout-flex\">\n<div class=\"wp-block-column is-layout-flow wp-block-column-is-layout-flow\"><div class=\"wp-block-image\">\n<figure class=\"aligncenter size-large is-resized\"><img loading=\"lazy\" decoding=\"async\" width=\"1024\" height=\"768\" src=\"http:\/\/chaletduriou.com\/wp-content\/uploads\/2024\/02\/P1007017-1024x768.jpg\" alt=\"\" class=\"wp-image-221\" style=\"width:368px;height:auto\" srcset=\"https:\/\/chaletduriou.com\/wp-content\/uploads\/2024\/02\/P1007017-1024x768.jpg 1024w, https:\/\/chaletduriou.com\/wp-content\/uploads\/2024\/02\/P1007017-300x225.jpg 300w, https:\/\/chaletduriou.com\/wp-content\/uploads\/2024\/02\/P1007017-768x576.jpg 768w, https:\/\/chaletduriou.com\/wp-content\/uploads\/2024\/02\/P1007017-1536x1152.jpg 1536w, https:\/\/chaletduriou.com\/wp-content\/uploads\/2024\/02\/P1007017-2048x1536.jpg 2048w\" sizes=\"auto, (max-width: 1024px) 100vw, 1024px\" \/><figcaption class=\"wp-element-caption\">chambre avec lit double<\/figcaption><\/figure>\n<\/div><\/div>\n\n\n\n<div class=\"wp-block-column is-layout-flow wp-block-column-is-layout-flow\"><div class=\"wp-block-image\">\n<figure class=\"aligncenter size-large is-resized\"><img loading=\"lazy\" decoding=\"async\" width=\"1024\" height=\"768\" src=\"http:\/\/chaletduriou.com\/wp-content\/uploads\/2024\/02\/P1007022-1024x768.jpg\" alt=\"\" class=\"wp-image-273\" style=\"width:373px;height:auto\" srcset=\"https:\/\/chaletduriou.com\/wp-content\/uploads\/2024\/02\/P1007022-1024x768.jpg 1024w, https:\/\/chaletduriou.com\/wp-content\/uploads\/2024\/02\/P1007022-300x225.jpg 300w, https:\/\/chaletduriou.com\/wp-content\/uploads\/2024\/02\/P1007022-768x576.jpg 768w, https:\/\/chaletduriou.com\/wp-content\/uploads\/2024\/02\/P1007022-1536x1152.jpg 1536w, https:\/\/chaletduriou.com\/wp-content\/uploads\/2024\/02\/P1007022-2048x1536.jpg 2048w\" sizes=\"auto, (max-width: 1024px) 100vw, 1024px\" \/><figcaption class=\"wp-element-caption\">ouvrant sur un balcon avec vue sur la montagne et la station<\/figcaption><\/figure>\n<\/div><\/div>\n<\/div>\n\n\n\n<div class=\"wp-block-columns is-layout-flex wp-container-core-columns-is-layout-9d6595d7 wp-block-columns-is-layout-flex\">\n<div class=\"wp-block-column is-layout-flow wp-block-column-is-layout-flow\"><div class=\"wp-block-image\">\n<figure class=\"aligncenter size-large is-resized\"><img loading=\"lazy\" decoding=\"async\" width=\"1024\" height=\"678\" src=\"http:\/\/chaletduriou.com\/wp-content\/uploads\/2024\/02\/19-chambre-verte-etage-1024x678.jpg\" alt=\"\" class=\"wp-image-328\" style=\"width:381px;height:auto\" srcset=\"https:\/\/chaletduriou.com\/wp-content\/uploads\/2024\/02\/19-chambre-verte-etage-1024x678.jpg 1024w, https:\/\/chaletduriou.com\/wp-content\/uploads\/2024\/02\/19-chambre-verte-etage-300x199.jpg 300w, https:\/\/chaletduriou.com\/wp-content\/uploads\/2024\/02\/19-chambre-verte-etage-768x509.jpg 768w, https:\/\/chaletduriou.com\/wp-content\/uploads\/2024\/02\/19-chambre-verte-etage.jpg 1200w\" sizes=\"auto, (max-width: 1024px) 100vw, 1024px\" \/><figcaption class=\"wp-element-caption\">chambre avec 2 lits simples et un lit gigogne<\/figcaption><\/figure>\n<\/div><\/div>\n\n\n\n<div class=\"wp-block-column is-layout-flow wp-block-column-is-layout-flow\"><div class=\"wp-block-image\">\n<figure class=\"aligncenter size-large is-resized\"><img loading=\"lazy\" decoding=\"async\" width=\"1024\" height=\"678\" src=\"http:\/\/chaletduriou.com\/wp-content\/uploads\/2023\/12\/chambre-bleue-1024x678.jpg\" alt=\"\" class=\"wp-image-68\" style=\"width:382px;height:auto\" srcset=\"https:\/\/chaletduriou.com\/wp-content\/uploads\/2023\/12\/chambre-bleue-1024x678.jpg 1024w, https:\/\/chaletduriou.com\/wp-content\/uploads\/2023\/12\/chambre-bleue-300x199.jpg 300w, https:\/\/chaletduriou.com\/wp-content\/uploads\/2023\/12\/chambre-bleue-768x509.jpg 768w, https:\/\/chaletduriou.com\/wp-content\/uploads\/2023\/12\/chambre-bleue.jpg 1200w\" sizes=\"auto, (max-width: 1024px) 100vw, 1024px\" \/><figcaption class=\"wp-element-caption\">Chambre avec 3 lits simples<\/figcaption><\/figure>\n<\/div><\/div>\n<\/div>\n\n\n\n<div class=\"wp-block-columns is-layout-flex wp-container-core-columns-is-layout-9d6595d7 wp-block-columns-is-layout-flex\">\n<div class=\"wp-block-column is-layout-flow wp-block-column-is-layout-flow\">\n<h2 class=\"wp-block-heading has-text-align-center\">Salle de bains<\/h2>\n\n\n\n<div class=\"wp-block-columns is-layout-flex wp-container-core-columns-is-layout-9d6595d7 wp-block-columns-is-layout-flex\">\n<div class=\"wp-block-column is-layout-flow wp-block-column-is-layout-flow\"><div class=\"wp-block-image\">\n<figure class=\"aligncenter size-large is-resized\"><img loading=\"lazy\" decoding=\"async\" width=\"1024\" height=\"768\" src=\"http:\/\/chaletduriou.com\/wp-content\/uploads\/2024\/02\/P1007023-1-1024x768.jpg\" alt=\"\" class=\"wp-image-335\" style=\"width:357px;height:auto\" srcset=\"https:\/\/chaletduriou.com\/wp-content\/uploads\/2024\/02\/P1007023-1-1024x768.jpg 1024w, https:\/\/chaletduriou.com\/wp-content\/uploads\/2024\/02\/P1007023-1-300x225.jpg 300w, https:\/\/chaletduriou.com\/wp-content\/uploads\/2024\/02\/P1007023-1-768x576.jpg 768w, https:\/\/chaletduriou.com\/wp-content\/uploads\/2024\/02\/P1007023-1-1536x1152.jpg 1536w, https:\/\/chaletduriou.com\/wp-content\/uploads\/2024\/02\/P1007023-1-2048x1536.jpg 2048w\" sizes=\"auto, (max-width: 1024px) 100vw, 1024px\" \/><figcaption class=\"wp-element-caption\">double vasque et WC<\/figcaption><\/figure>\n<\/div><\/div>\n\n\n\n<div class=\"wp-block-column is-layout-flow wp-block-column-is-layout-flow\"><div class=\"wp-block-image\">\n<figure class=\"aligncenter size-large is-resized\"><img loading=\"lazy\" decoding=\"async\" width=\"1024\" height=\"768\" src=\"http:\/\/chaletduriou.com\/wp-content\/uploads\/2024\/02\/P1007024-1024x768.jpg\" alt=\"\" class=\"wp-image-222\" style=\"width:360px;height:auto\" srcset=\"https:\/\/chaletduriou.com\/wp-content\/uploads\/2024\/02\/P1007024-1024x768.jpg 1024w, https:\/\/chaletduriou.com\/wp-content\/uploads\/2024\/02\/P1007024-300x225.jpg 300w, https:\/\/chaletduriou.com\/wp-content\/uploads\/2024\/02\/P1007024-768x576.jpg 768w, https:\/\/chaletduriou.com\/wp-content\/uploads\/2024\/02\/P1007024-1536x1152.jpg 1536w, https:\/\/chaletduriou.com\/wp-content\/uploads\/2024\/02\/P1007024-2048x1536.jpg 2048w\" sizes=\"auto, (max-width: 1024px) 100vw, 1024px\" \/><figcaption class=\"wp-element-caption\">douche italienne<\/figcaption><\/figure>\n<\/div><\/div>\n<\/div>\n\n\n\n<h2 class=\"wp-block-heading has-text-align-center\">Jardin<\/h2>\n\n\n<div class=\"wp-block-image\">\n<figure class=\"aligncenter size-large is-resized\"><img loading=\"lazy\" decoding=\"async\" width=\"1024\" height=\"289\" src=\"http:\/\/chaletduriou.com\/wp-content\/uploads\/2023\/12\/20200702_135805-1024x289.jpg\" alt=\"\" class=\"wp-image-46\" style=\"width:841px;height:auto\" srcset=\"https:\/\/chaletduriou.com\/wp-content\/uploads\/2023\/12\/20200702_135805-1024x289.jpg 1024w, https:\/\/chaletduriou.com\/wp-content\/uploads\/2023\/12\/20200702_135805-300x85.jpg 300w, https:\/\/chaletduriou.com\/wp-content\/uploads\/2023\/12\/20200702_135805-768x217.jpg 768w, https:\/\/chaletduriou.com\/wp-content\/uploads\/2023\/12\/20200702_135805-1536x434.jpg 1536w, https:\/\/chaletduriou.com\/wp-content\/uploads\/2023\/12\/20200702_135805-2048x578.jpg 2048w\" sizes=\"auto, (max-width: 1024px) 100vw, 1024px\" \/><figcaption class=\"wp-element-caption\">La grande terrasse vous permet aux beaux jours de profiter de l&#8217;ext\u00e9rieur. Une table et des chaises pour 10 personnes sont \u00e0 votre disposition<\/figcaption><\/figure>\n<\/div>\n\n\n<div class=\"wp-block-media-text is-stacked-on-mobile\" style=\"grid-template-columns:39% auto\"><figure class=\"wp-block-media-text__media\"><img loading=\"lazy\" decoding=\"async\" width=\"1024\" height=\"768\" src=\"http:\/\/chaletduriou.com\/wp-content\/uploads\/2024\/02\/P1007009-1024x768.jpg\" alt=\"\" class=\"wp-image-340 size-full\" srcset=\"https:\/\/chaletduriou.com\/wp-content\/uploads\/2024\/02\/P1007009-1024x768.jpg 1024w, https:\/\/chaletduriou.com\/wp-content\/uploads\/2024\/02\/P1007009-300x225.jpg 300w, https:\/\/chaletduriou.com\/wp-content\/uploads\/2024\/02\/P1007009-768x576.jpg 768w, https:\/\/chaletduriou.com\/wp-content\/uploads\/2024\/02\/P1007009-1536x1152.jpg 1536w, https:\/\/chaletduriou.com\/wp-content\/uploads\/2024\/02\/P1007009-2048x1536.jpg 2048w\" sizes=\"auto, (max-width: 1024px) 100vw, 1024px\" \/><\/figure><div class=\"wp-block-media-text__content\">\n<p>Sous le balcon vous trouverez un salon de jardin avec bancs, fauteuils et une table basse pour les moments de d\u00e9tente entre amis ou en famille.<\/p>\n<\/div><\/div>\n<\/div>\n<\/div>\n<\/div><\/div>\n\n\n\n<h2 class=\"wp-block-heading\">Infos utiles<\/h2>\n\n\n\n<ul class=\"wp-block-list\">\n<li>Pour stocker vos skis, luges, v\u00e9los etc. en toute s\u00e9curit\u00e9, un abri de jardin est \u00e0 votre disposition.<\/li>\n\n\n\n<li>Un \u00e9tendoir ext\u00e9rieur pour s\u00e9cher votre linge est install\u00e9 derri\u00e8re le chalet.<\/li>\n\n\n\n<li>Toutes les chambres sont \u00e9quip\u00e9es de grandes armoires avec cintres pour ranger ais\u00e9ment vos v\u00eatements.<\/li>\n\n\n\n<li>Un lave-linge se trouve dans la salle de bain du rez de chauss\u00e9e.<\/li>\n\n\n\n<li>Un livre d&#8217;accueil avec les notices explicatives pour les appareils \u00e9lectrom\u00e9nagers est \u00e0 votre disposition. Egalement tous les ustensiles et produits de m\u00e9nage.<\/li>\n\n\n\n<li>Acc\u00e8s WIFI gratuit<\/li>\n<\/ul>\n\n\n\n<div class=\"wp-block-cover alignfull is-light\" style=\"min-height:420px;aspect-ratio:unset;\"><span aria-hidden=\"true\" class=\"wp-block-cover__background has-nv-site-bg-background-color has-background-dim-100 has-background-dim\"><\/span><div class=\"wp-block-cover__inner-container is-layout-flow wp-block-cover-is-layout-flow\">\n<div style=\"height:80px\" aria-hidden=\"true\" class=\"wp-block-spacer\"><\/div>\n\n\n\n<div style=\"height:30px\" aria-hidden=\"true\" class=\"wp-block-spacer\"><\/div>\n<\/div><\/div>\n","protected":false},"excerpt":{"rendered":"<p>Infos utiles<\/p>\n","protected":false},"author":1,"featured_media":0,"parent":0,"menu_order":0,"comment_status":"closed","ping_status":"closed","template":"","meta":{"neve_meta_sidebar":"","neve_meta_container":"","neve_meta_enable_content_width":"on","neve_meta_content_width":100,"neve_meta_title_alignment":"","neve_meta_author_avatar":"","neve_post_elements_order":"","neve_meta_disable_header":"","neve_meta_disable_footer":"","neve_meta_disable_title":"on","footnotes":""},"class_list":["post-10","page","type-page","status-publish","hentry"],"_links":{"self":[{"href":"https:\/\/chaletduriou.com\/index.php\/wp-json\/wp\/v2\/pages\/10","targetHints":{"allow":["GET"]}}],"collection":[{"href":"https:\/\/chaletduriou.com\/index.php\/wp-json\/wp\/v2\/pages"}],"about":[{"href":"https:\/\/chaletduriou.com\/index.php\/wp-json\/wp\/v2\/types\/page"}],"author":[{"embeddable":true,"href":"https:\/\/chaletduriou.com\/index.php\/wp-json\/wp\/v2\/users\/1"}],"replies":[{"embeddable":true,"href":"https:\/\/chaletduriou.com\/index.php\/wp-json\/wp\/v2\/comments?post=10"}],"version-history":[{"count":87,"href":"https:\/\/chaletduriou.com\/index.php\/wp-json\/wp\/v2\/pages\/10\/revisions"}],"predecessor-version":[{"id":535,"href":"https:\/\/chaletduriou.com\/index.php\/wp-json\/wp\/v2\/pages\/10\/revisions\/535"}],"wp:attachment":[{"href":"https:\/\/chaletduriou.com\/index.php\/wp-json\/wp\/v2\/media?parent=10"}],"curies":[{"name":"wp","href":"https:\/\/api.w.org\/{rel}","templated":true}]}}